{"id":4805,"date":"2018-05-10T13:55:29","date_gmt":"2018-05-10T13:55:29","guid":{"rendered":"https:\/\/www.sgolastra.eu\/pompa-iniezione-cemento\/"},"modified":"2024-10-22T11:11:01","modified_gmt":"2024-10-22T09:11:01","slug":"zementeinspritzpumpen","status":"publish","type":"page","link":"https:\/\/www.sgolastra.eu\/de\/zementeinspritzpumpen\/","title":{"rendered":"Zementeinspritzpumpen"},"content":{"rendered":"\t\t<div data-elementor-type=\"wp-page\" data-elementor-id=\"4805\" class=\"elementor elementor-4805 elementor-1306\" data-elementor-post-type=\"page\">\n\t\t\t\t\t\t\t<div class=\"elementor-element elementor-element-63aa76e scale-full-y e-flex e-con-boxed e-con e-parent\" data-id=\"63aa76e\" data-element_type=\"container\" data-settings=\"{&quot;background_background&quot;:&quot;classic&quot;,&quot;content_width&quot;:&quot;boxed&quot;}\" data-core-v316-plus=\"true\">\n\t\t\t\t\t<div class=\"e-con-inner\">\n\t\t\t\t<div class=\"elementor-element elementor-element-9356cff elementor-widget elementor-widget-heading\" data-id=\"9356cff\" data-element_type=\"widget\" data-widget_type=\"heading.default\">\n\t\t\t\t<div class=\"elementor-widget-container\">\n\t\t\t<style>\/*! elementor - v3.17.0 - 08-11-2023 *\/\n.elementor-heading-title{padding:0;margin:0;line-height:1}.elementor-widget-heading .elementor-heading-title[class*=elementor-size-]>a{color:inherit;font-size:inherit;line-height:inherit}.elementor-widget-heading .elementor-heading-title.elementor-size-small{font-size:15px}.elementor-widget-heading .elementor-heading-title.elementor-size-medium{font-size:19px}.elementor-widget-heading .elementor-heading-title.elementor-size-large{font-size:29px}.elementor-widget-heading .elementor-heading-title.elementor-size-xl{font-size:39px}.elementor-widget-heading .elementor-heading-title.elementor-size-xxl{font-size:59px}<\/style><h1 class=\"elementor-heading-title elementor-size-default\">Zementeinspritzpumpen<\/h1>\t\t<\/div>\n\t\t\t\t<\/div>\n\t\t\t\t<div class=\"elementor-element elementor-element-2796bfa elementor-align-center elementor-widget elementor-widget-breadcrumbs\" data-id=\"2796bfa\" data-element_type=\"widget\" data-widget_type=\"breadcrumbs.default\">\n\t\t\t\t<div class=\"elementor-widget-container\">\n\t\t\t<link rel=\"stylesheet\" href=\"https:\/\/www.sgolastra.eu\/wp-content\/plugins\/pro-elements\/assets\/css\/widget-theme-elements.min.css\"><p id=\"breadcrumbs\"><span><span><a href=\"https:\/\/www.sgolastra.eu\/de\/home\/\">Home<\/a><\/span><\/span><\/p>\t\t<\/div>\n\t\t\t\t<\/div>\n\t\t\t\t\t<\/div>\n\t\t\t\t<\/div>\n\t\t<div class=\"elementor-element elementor-element-c517c47 e-flex e-con-boxed e-con e-parent\" data-id=\"c517c47\" data-element_type=\"container\" data-settings=\"{&quot;background_background&quot;:&quot;classic&quot;,&quot;content_width&quot;:&quot;boxed&quot;}\" data-core-v316-plus=\"true\">\n\t\t\t\t\t<div class=\"e-con-inner\">\n\t\t<div class=\"elementor-element elementor-element-f819778 e-con-full e-flex e-con e-child\" data-id=\"f819778\" data-element_type=\"container\" data-settings=\"{&quot;content_width&quot;:&quot;full&quot;}\">\n\t\t\t\t<div class=\"elementor-element elementor-element-cc55f9e elementor-widget elementor-widget-heading\" data-id=\"cc55f9e\" data-element_type=\"widget\" data-widget_type=\"heading.default\">\n\t\t\t\t<div class=\"elementor-widget-container\">\n\t\t\t<h6 class=\"elementor-heading-title elementor-size-default\">Einspritzen von Zement<\/h6>\t\t<\/div>\n\t\t\t\t<\/div>\n\t\t\t\t<div class=\"elementor-element elementor-element-fe95f79 elementor-widget elementor-widget-heading\" data-id=\"fe95f79\" data-element_type=\"widget\" data-widget_type=\"heading.default\">\n\t\t\t\t<div class=\"elementor-widget-container\">\n\t\t\t<h2 class=\"elementor-heading-title elementor-size-default\">Zementeinspritzpumpen<\/h2>\t\t<\/div>\n\t\t\t\t<\/div>\n\t\t\t\t<div class=\"elementor-element elementor-element-6d7e54b elementor-widget elementor-widget-text-editor\" data-id=\"6d7e54b\" data-element_type=\"widget\" data-widget_type=\"text-editor.default\">\n\t\t\t\t<div class=\"elementor-widget-container\">\n\t\t\t<style>\/*! elementor - v3.17.0 - 08-11-2023 *\/\n.elementor-widget-text-editor.elementor-drop-cap-view-stacked .elementor-drop-cap{background-color:#69727d;color:#fff}.elementor-widget-text-editor.elementor-drop-cap-view-framed .elementor-drop-cap{color:#69727d;border:3px solid;background-color:transparent}.elementor-widget-text-editor:not(.elementor-drop-cap-view-default) .elementor-drop-cap{margin-top:8px}.elementor-widget-text-editor:not(.elementor-drop-cap-view-default) .elementor-drop-cap-letter{width:1em;height:1em}.elementor-widget-text-editor .elementor-drop-cap{float:left;text-align:center;line-height:1;font-size:50px}.elementor-widget-text-editor .elementor-drop-cap-letter{display:inline-block}<\/style>\t\t\t\t<p>Die <strong>Zementeinspritzpumpenist<\/strong> ein n\u00fctzliches Werkzeug zum Einspritzen von Zementboiacczie in besch\u00e4digte oder br\u00fcchige Strukturen, zum Gie\u00dfen von Mikropolen und vorgespannten Strukturen. Sie kann auch zur Festigung oder Abdichtung von Mauern, Felsen, D\u00e4mmen, Tunneln sowie zum Pumpen von Spezialprodukten und schlie\u00dflich zum Ankern verwendet werden.<\/p>\t\t\t\t\t\t<\/div>\n\t\t\t\t<\/div>\n\t\t\t\t<\/div>\n\t\t<div class=\"elementor-element elementor-element-8baed3d e-con-full e-flex e-con e-child\" data-id=\"8baed3d\" data-element_type=\"container\" data-settings=\"{&quot;content_width&quot;:&quot;full&quot;}\">\n\t\t\t\t<div class=\"elementor-element elementor-element-a5cef64 elementor-widget elementor-widget-image\" data-id=\"a5cef64\" data-element_type=\"widget\" data-widget_type=\"image.default\">\n\t\t\t\t<div class=\"elementor-widget-container\">\n\t\t\t<style>\/*! elementor - v3.17.0 - 08-11-2023 *\/\n.elementor-widget-image{text-align:center}.elementor-widget-image a{display:inline-block}.elementor-widget-image a img[src$=\".svg\"]{width:48px}.elementor-widget-image img{vertical-align:middle;display:inline-block}<\/style>\t\t\t\t\t\t\t\t\t\t\t\t<img fetchpriority=\"high\" decoding=\"async\" width=\"481\" height=\"461\" src=\"https:\/\/www.sgolastra.eu\/wp-content\/uploads\/2024\/04\/pompa-iniezione-boiacca-intro.webp\" class=\"attachment-large size-large wp-image-18366\" alt=\"\" srcset=\"https:\/\/www.sgolastra.eu\/wp-content\/uploads\/2024\/04\/pompa-iniezione-boiacca-intro.webp 481w, https:\/\/www.sgolastra.eu\/wp-content\/uploads\/2024\/04\/pompa-iniezione-boiacca-intro-300x288.webp 300w\" sizes=\"(max-width: 481px) 100vw, 481px\" \/>\t\t\t\t\t\t\t\t\t\t\t\t\t\t\t<\/div>\n\t\t\t\t<\/div>\n\t\t\t\t<\/div>\n\t\t\t\t\t<\/div>\n\t\t\t\t<\/div>\n\t\t<div class=\"elementor-element elementor-element-74e39fd e-flex e-con-boxed e-con e-parent\" data-id=\"74e39fd\" data-element_type=\"container\" data-settings=\"{&quot;background_background&quot;:&quot;classic&quot;,&quot;content_width&quot;:&quot;boxed&quot;}\" data-core-v316-plus=\"true\">\n\t\t\t\t\t<div class=\"e-con-inner\">\n\t\t\t\t<div class=\"elementor-element elementor-element-7b8c04a elementor-widget elementor-widget-heading\" data-id=\"7b8c04a\" data-element_type=\"widget\" data-widget_type=\"heading.default\">\n\t\t\t\t<div class=\"elementor-widget-container\">\n\t\t\t<h3 class=\"elementor-heading-title elementor-size-default\">Eigenschaften<\/h3>\t\t<\/div>\n\t\t\t\t<\/div>\n\t\t\t\t<div class=\"elementor-element elementor-element-42ffc4d elementor-widget elementor-widget-text-editor\" data-id=\"42ffc4d\" data-element_type=\"widget\" data-widget_type=\"text-editor.default\">\n\t\t\t\t<div class=\"elementor-widget-container\">\n\t\t\t\t\t\t\t<p>Wir fertigen zwei verschiedene Arten von Injektoren: einen Standard und einen kompakten. Der erste besteht aus einem Zylinder oberhalb des Injektors, w\u00e4hrend der zweite aus zwei Standard-Seitenzylindern besteht, die beide dieselben technischen Eigenschaften aufweisen und einen einstellbaren Durchfluss von bis zu 120 l\/min haben.<\/p>\t\t\t\t\t\t<\/div>\n\t\t\t\t<\/div>\n\t\t<div class=\"elementor-element elementor-element-ba20953 e-flex e-con-boxed e-con e-child\" data-id=\"ba20953\" data-element_type=\"container\" data-settings=\"{&quot;content_width&quot;:&quot;boxed&quot;}\">\n\t\t\t\t\t<div class=\"e-con-inner\">\n\t\t<div class=\"elementor-element elementor-element-58c706b e-con-full e-flex e-con e-child\" data-id=\"58c706b\" data-element_type=\"container\" data-settings=\"{&quot;content_width&quot;:&quot;full&quot;}\">\n\t\t\t\t<div class=\"elementor-element elementor-element-5d29ac3 elementor-position-top elementor-widget elementor-widget-image-box\" data-id=\"5d29ac3\" data-element_type=\"widget\" data-widget_type=\"image-box.default\">\n\t\t\t\t<div class=\"elementor-widget-container\">\n\t\t\t<style>\/*! elementor - v3.17.0 - 08-11-2023 *\/\n.elementor-widget-image-box .elementor-image-box-content{width:100%}@media (min-width:768px){.elementor-widget-image-box.elementor-position-left .elementor-image-box-wrapper,.elementor-widget-image-box.elementor-position-right .elementor-image-box-wrapper{display:flex}.elementor-widget-image-box.elementor-position-right .elementor-image-box-wrapper{text-align:right;flex-direction:row-reverse}.elementor-widget-image-box.elementor-position-left .elementor-image-box-wrapper{text-align:left;flex-direction:row}.elementor-widget-image-box.elementor-position-top .elementor-image-box-img{margin:auto}.elementor-widget-image-box.elementor-vertical-align-top .elementor-image-box-wrapper{align-items:flex-start}.elementor-widget-image-box.elementor-vertical-align-middle .elementor-image-box-wrapper{align-items:center}.elementor-widget-image-box.elementor-vertical-align-bottom .elementor-image-box-wrapper{align-items:flex-end}}@media (max-width:767px){.elementor-widget-image-box .elementor-image-box-img{margin-left:auto!important;margin-right:auto!important;margin-bottom:15px}}.elementor-widget-image-box .elementor-image-box-img{display:inline-block}.elementor-widget-image-box .elementor-image-box-title a{color:inherit}.elementor-widget-image-box .elementor-image-box-wrapper{text-align:center}.elementor-widget-image-box .elementor-image-box-description{margin:0}<\/style><div class=\"elementor-image-box-wrapper\"><figure class=\"elementor-image-box-img\"><img decoding=\"async\" width=\"1000\" height=\"1000\" src=\"https:\/\/www.sgolastra.eu\/wp-content\/uploads\/2024\/04\/pompa-iniezione-standard.webp\" class=\"attachment-full size-full wp-image-18374\" alt=\"\" srcset=\"https:\/\/www.sgolastra.eu\/wp-content\/uploads\/2024\/04\/pompa-iniezione-standard.webp 1000w, https:\/\/www.sgolastra.eu\/wp-content\/uploads\/2024\/04\/pompa-iniezione-standard-300x300.webp 300w, https:\/\/www.sgolastra.eu\/wp-content\/uploads\/2024\/04\/pompa-iniezione-standard-150x150.webp 150w, https:\/\/www.sgolastra.eu\/wp-content\/uploads\/2024\/04\/pompa-iniezione-standard-768x768.webp 768w\" sizes=\"(max-width: 1000px) 100vw, 1000px\" \/><\/figure><div class=\"elementor-image-box-content\"><h3 class=\"elementor-image-box-title\">Standard 60 l\/min.<\/h3><\/div><\/div>\t\t<\/div>\n\t\t\t\t<\/div>\n\t\t\t\t<\/div>\n\t\t<div class=\"elementor-element elementor-element-7108227 e-con-full e-flex e-con e-child\" data-id=\"7108227\" data-element_type=\"container\" data-settings=\"{&quot;content_width&quot;:&quot;full&quot;}\">\n\t\t\t\t<div class=\"elementor-element elementor-element-5e4ff34 elementor-position-top elementor-widget elementor-widget-image-box\" data-id=\"5e4ff34\" data-element_type=\"widget\" data-widget_type=\"image-box.default\">\n\t\t\t\t<div class=\"elementor-widget-container\">\n\t\t\t<div class=\"elementor-image-box-wrapper\"><figure class=\"elementor-image-box-img\"><img decoding=\"async\" width=\"1000\" height=\"1000\" src=\"https:\/\/www.sgolastra.eu\/wp-content\/uploads\/2024\/04\/pompa-iniezione-compatta.webp\" class=\"attachment-full size-full wp-image-18382\" alt=\"\" srcset=\"https:\/\/www.sgolastra.eu\/wp-content\/uploads\/2024\/04\/pompa-iniezione-compatta.webp 1000w, https:\/\/www.sgolastra.eu\/wp-content\/uploads\/2024\/04\/pompa-iniezione-compatta-300x300.webp 300w, https:\/\/www.sgolastra.eu\/wp-content\/uploads\/2024\/04\/pompa-iniezione-compatta-150x150.webp 150w, https:\/\/www.sgolastra.eu\/wp-content\/uploads\/2024\/04\/pompa-iniezione-compatta-768x768.webp 768w\" sizes=\"(max-width: 1000px) 100vw, 1000px\" \/><\/figure><div class=\"elementor-image-box-content\"><h3 class=\"elementor-image-box-title\">Kompakte 60 l\/min.<\/h3><\/div><\/div>\t\t<\/div>\n\t\t\t\t<\/div>\n\t\t\t\t<\/div>\n\t\t<div class=\"elementor-element elementor-element-61f975d e-con-full e-flex e-con e-child\" data-id=\"61f975d\" data-element_type=\"container\" data-settings=\"{&quot;content_width&quot;:&quot;full&quot;}\">\n\t\t\t\t<div class=\"elementor-element elementor-element-12e380e elementor-position-top elementor-widget elementor-widget-image-box\" data-id=\"12e380e\" data-element_type=\"widget\" data-widget_type=\"image-box.default\">\n\t\t\t\t<div class=\"elementor-widget-container\">\n\t\t\t<div class=\"elementor-image-box-wrapper\"><figure class=\"elementor-image-box-img\"><img loading=\"lazy\" decoding=\"async\" width=\"1000\" height=\"1000\" src=\"https:\/\/www.sgolastra.eu\/wp-content\/uploads\/2024\/04\/pompa-iniezione-boiacca-01.webp\" class=\"attachment-full size-full wp-image-18390\" alt=\"\" srcset=\"https:\/\/www.sgolastra.eu\/wp-content\/uploads\/2024\/04\/pompa-iniezione-boiacca-01.webp 1000w, https:\/\/www.sgolastra.eu\/wp-content\/uploads\/2024\/04\/pompa-iniezione-boiacca-01-300x300.webp 300w, https:\/\/www.sgolastra.eu\/wp-content\/uploads\/2024\/04\/pompa-iniezione-boiacca-01-150x150.webp 150w, https:\/\/www.sgolastra.eu\/wp-content\/uploads\/2024\/04\/pompa-iniezione-boiacca-01-768x768.webp 768w\" sizes=\"(max-width: 1000px) 100vw, 1000px\" \/><\/figure><div class=\"elementor-image-box-content\"><h3 class=\"elementor-image-box-title\">Kompakte 120 l\/min.<\/h3><\/div><\/div>\t\t<\/div>\n\t\t\t\t<\/div>\n\t\t\t\t<\/div>\n\t\t\t\t\t<\/div>\n\t\t\t\t<\/div>\n\t\t\t\t<div class=\"elementor-element elementor-element-d24d745 elementor-widget elementor-widget-shortcode\" data-id=\"d24d745\" data-element_type=\"widget\" data-widget_type=\"shortcode.default\">\n\t\t\t\t<div class=\"elementor-widget-container\">\n\t\t\t\t\t<div class=\"elementor-shortcode\"><div id=\"footable_parent_4808\"\n         class=\" footable_parent ninja_table_wrapper loading_ninja_table wp_table_data_press_parent bootstrap3 \">\n                <table data-ninja_table_instance=\"ninja_table_instance_0\" data-footable_id=\"4808\" data-filter-delay=\"1000\" aria-label=\"DE - POMPA INIEZIONE CEMENTO\"            id=\"footable_4808\"\n           data-unique_identifier=\"ninja_table_unique_id_650482428_4808\"\n           class=\" foo-table ninja_footable foo_table_4808 ninja_table_unique_id_650482428_4808 table  nt_type_ajax_table table-striped table-bordered table-hover vertical_centered  footable-paging-right\">\n                <colgroup>\n                            <col class=\"ninja_column_0 \">\n                            <col class=\"ninja_column_1 \">\n                            <col class=\"ninja_column_2 \">\n                            <col class=\"ninja_column_3 \">\n                            <col class=\"ninja_column_4 \">\n                            <col class=\"ninja_column_5 \">\n                    <\/colgroup>\n            <\/table>\n                    <style type=\"text\/css\" id='ninja_table_custom_css_4808'>\n                        #footable_4808  {\n    font-family: ;\n    font-size: px;\n    }\n\n    \n                <\/style>\n                \n    \n    \n<\/div>\n<\/div>\n\t\t\t\t<\/div>\n\t\t\t\t<\/div>\n\t\t\t\t\t<\/div>\n\t\t\t\t<\/div>\n\t\t<div class=\"elementor-element elementor-element-0f52ecc e-flex e-con-boxed e-con e-parent\" data-id=\"0f52ecc\" data-element_type=\"container\" data-settings=\"{&quot;background_background&quot;:&quot;classic&quot;,&quot;content_width&quot;:&quot;boxed&quot;}\" data-core-v316-plus=\"true\">\n\t\t\t\t\t<div class=\"e-con-inner\">\n\t\t\t\t<div class=\"elementor-element elementor-element-73298cb elementor-widget elementor-widget-heading\" data-id=\"73298cb\" data-element_type=\"widget\" data-widget_type=\"heading.default\">\n\t\t\t\t<div class=\"elementor-widget-container\">\n\t\t\t<h3 class=\"elementor-heading-title elementor-size-default\">Die Betoneinspritzpumpe: Die Konstruktionsmerkmale und die Aufmerksamkeit, die auf die Behandlung der Verschlei\u00dfteile gelegt wird, machen diese Reihe von Einspritzd\u00fcsen zu einem zuverl\u00e4ssigen und effizienten Werkzeug bei schweren Arbeiten, ohne Angst vor einem 24-Stunden-Betrieb.\n<\/h3>\t\t<\/div>\n\t\t\t\t<\/div>\n\t\t\t\t\t<\/div>\n\t\t\t\t<\/div>\n\t\t\t\t\t\t\t<\/div>\n\t\t","protected":false},"excerpt":{"rendered":"<p>Zementeinspritzpumpen Einspritzen von Zement Zementeinspritzpumpen Die Zementeinspritzpumpenist ein n\u00fctzliches Werkzeug zum Einspritzen von Zementboiacczie in besch\u00e4digte oder br\u00fcchige Strukturen, zum Gie\u00dfen von Mikropolen und vorgespannten Strukturen. Sie kann auch zur Festigung oder Abdichtung von Mauern, Felsen, D\u00e4mmen, Tunneln sowie zum Pumpen von Spezialprodukten und schlie\u00dflich zum Ankern verwendet werden. Eigenschaften Wir fertigen zwei verschiedene Arten [&hellip;]<\/p>\n","protected":false},"author":1,"featured_media":0,"parent":0,"menu_order":0,"comment_status":"closed","ping_status":"closed","template":"elementor_header_footer","meta":{"inline_featured_image":false,"footnotes":""},"acf":[],"yoast_head":"<!-- This site is optimized with the Yoast SEO plugin v22.9 - https:\/\/yoast.com\/wordpress\/plugins\/seo\/ -->\n<title>Zementeinspritzpumpen - Sgolastra srl<\/title>\n<meta name=\"description\" content=\"Die zementeinspritzpumpen dient dem Einspritzen von Zementm\u00f6rtel in besch\u00e4digte oder gef\u00e4hrdete Strukturen, Mikropf\u00e4hle und vorverdichtete Strukturen.\" \/>\n<meta name=\"robots\" content=\"index, follow, max-snippet:-1, max-image-preview:large, max-video-preview:-1\" \/>\n<link rel=\"canonical\" href=\"https:\/\/www.sgolastra.eu\/de\/zementeinspritzpumpen\/\" \/>\n<meta property=\"og:locale\" content=\"de_DE\" \/>\n<meta property=\"og:type\" content=\"article\" \/>\n<meta property=\"og:title\" content=\"Zementeinspritzpumpen - Sgolastra srl\" \/>\n<meta property=\"og:description\" content=\"Die zementeinspritzpumpen dient dem Einspritzen von Zementm\u00f6rtel in besch\u00e4digte oder gef\u00e4hrdete Strukturen, Mikropf\u00e4hle und vorverdichtete Strukturen.\" \/>\n<meta property=\"og:url\" content=\"https:\/\/www.sgolastra.eu\/de\/zementeinspritzpumpen\/\" \/>\n<meta property=\"og:site_name\" content=\"Sgolastra srl\" \/>\n<meta property=\"article:publisher\" content=\"https:\/\/www.facebook.com\/sgolastra\/\" \/>\n<meta property=\"article:modified_time\" content=\"2024-10-22T09:11:01+00:00\" \/>\n<meta property=\"og:image\" content=\"https:\/\/www.sgolastra.eu\/wp-content\/uploads\/2024\/04\/pompa-iniezione-boiacca-intro.webp\" \/>\n<meta name=\"twitter:card\" content=\"summary_large_image\" \/>\n<meta name=\"twitter:site\" content=\"@sgolastra_eu\" \/>\n<meta name=\"twitter:label1\" content=\"Gesch\u00e4tzte Lesezeit\" \/>\n\t<meta name=\"twitter:data1\" content=\"2 Minuten\" \/>\n<script type=\"application\/ld+json\" class=\"yoast-schema-graph\">{\"@context\":\"https:\/\/schema.org\",\"@graph\":[{\"@type\":\"WebPage\",\"@id\":\"https:\/\/www.sgolastra.eu\/de\/zementeinspritzpumpen\/\",\"url\":\"https:\/\/www.sgolastra.eu\/de\/zementeinspritzpumpen\/\",\"name\":\"Zementeinspritzpumpen - Sgolastra srl\",\"isPartOf\":{\"@id\":\"https:\/\/www.sgolastra.eu\/de\/#website\"},\"primaryImageOfPage\":{\"@id\":\"https:\/\/www.sgolastra.eu\/de\/zementeinspritzpumpen\/#primaryimage\"},\"image\":{\"@id\":\"https:\/\/www.sgolastra.eu\/de\/zementeinspritzpumpen\/#primaryimage\"},\"thumbnailUrl\":\"https:\/\/www.sgolastra.eu\/wp-content\/uploads\/2024\/04\/pompa-iniezione-boiacca-intro.webp\",\"datePublished\":\"2018-05-10T13:55:29+00:00\",\"dateModified\":\"2024-10-22T09:11:01+00:00\",\"description\":\"Die zementeinspritzpumpen dient dem Einspritzen von Zementm\u00f6rtel in besch\u00e4digte oder gef\u00e4hrdete Strukturen, Mikropf\u00e4hle und vorverdichtete Strukturen.\",\"breadcrumb\":{\"@id\":\"https:\/\/www.sgolastra.eu\/de\/zementeinspritzpumpen\/#breadcrumb\"},\"inLanguage\":\"de-DE\",\"potentialAction\":[{\"@type\":\"ReadAction\",\"target\":[\"https:\/\/www.sgolastra.eu\/de\/zementeinspritzpumpen\/\"]}]},{\"@type\":\"ImageObject\",\"inLanguage\":\"de-DE\",\"@id\":\"https:\/\/www.sgolastra.eu\/de\/zementeinspritzpumpen\/#primaryimage\",\"url\":\"https:\/\/www.sgolastra.eu\/wp-content\/uploads\/2024\/04\/pompa-iniezione-boiacca-intro.webp\",\"contentUrl\":\"https:\/\/www.sgolastra.eu\/wp-content\/uploads\/2024\/04\/pompa-iniezione-boiacca-intro.webp\"},{\"@type\":\"BreadcrumbList\",\"@id\":\"https:\/\/www.sgolastra.eu\/de\/zementeinspritzpumpen\/#breadcrumb\",\"itemListElement\":[{\"@type\":\"ListItem\",\"position\":1,\"name\":\"Home\",\"item\":\"https:\/\/www.sgolastra.eu\/de\/home\/\"},{\"@type\":\"ListItem\",\"position\":2,\"name\":\"Zementeinspritzpumpen\"}]},{\"@type\":\"WebSite\",\"@id\":\"https:\/\/www.sgolastra.eu\/de\/#website\",\"url\":\"https:\/\/www.sgolastra.eu\/de\/\",\"name\":\"Sgolastra srl\",\"description\":\"Sgolastra la soluzione ai cilindri oleodinamici\",\"publisher\":{\"@id\":\"https:\/\/www.sgolastra.eu\/de\/#organization\"},\"potentialAction\":[{\"@type\":\"SearchAction\",\"target\":{\"@type\":\"EntryPoint\",\"urlTemplate\":\"https:\/\/www.sgolastra.eu\/de\/?s={search_term_string}\"},\"query-input\":\"required name=search_term_string\"}],\"inLanguage\":\"de-DE\"},{\"@type\":\"Organization\",\"@id\":\"https:\/\/www.sgolastra.eu\/de\/#organization\",\"name\":\"Sgolastra - cilindri oleodinamici\",\"url\":\"https:\/\/www.sgolastra.eu\/de\/\",\"logo\":{\"@type\":\"ImageObject\",\"inLanguage\":\"de-DE\",\"@id\":\"https:\/\/www.sgolastra.eu\/de\/#\/schema\/logo\/image\/\",\"url\":\"https:\/\/www.sgolastra.eu\/wp-content\/uploads\/2018\/03\/favico.png\",\"contentUrl\":\"https:\/\/www.sgolastra.eu\/wp-content\/uploads\/2018\/03\/favico.png\",\"width\":86,\"height\":86,\"caption\":\"Sgolastra - cilindri oleodinamici\"},\"image\":{\"@id\":\"https:\/\/www.sgolastra.eu\/de\/#\/schema\/logo\/image\/\"},\"sameAs\":[\"https:\/\/www.facebook.com\/sgolastra\/\",\"https:\/\/x.com\/sgolastra_eu\",\"https:\/\/www.instagram.com\/sgolastra.eu\/\",\"https:\/\/www.linkedin.com\/company\/sgolastra\/\",\"https:\/\/www.youtube.com\/channel\/UC_ZkAYCj_runCwYb7idSx-w\"]}]}<\/script>\n<!-- \/ Yoast SEO plugin. -->","yoast_head_json":{"title":"Zementeinspritzpumpen - Sgolastra srl","description":"Die zementeinspritzpumpen dient dem Einspritzen von Zementm\u00f6rtel in besch\u00e4digte oder gef\u00e4hrdete Strukturen, Mikropf\u00e4hle und vorverdichtete Strukturen.","robots":{"index":"index","follow":"follow","max-snippet":"max-snippet:-1","max-image-preview":"max-image-preview:large","max-video-preview":"max-video-preview:-1"},"canonical":"https:\/\/www.sgolastra.eu\/de\/zementeinspritzpumpen\/","og_locale":"de_DE","og_type":"article","og_title":"Zementeinspritzpumpen - Sgolastra srl","og_description":"Die zementeinspritzpumpen dient dem Einspritzen von Zementm\u00f6rtel in besch\u00e4digte oder gef\u00e4hrdete Strukturen, Mikropf\u00e4hle und vorverdichtete Strukturen.","og_url":"https:\/\/www.sgolastra.eu\/de\/zementeinspritzpumpen\/","og_site_name":"Sgolastra srl","article_publisher":"https:\/\/www.facebook.com\/sgolastra\/","article_modified_time":"2024-10-22T09:11:01+00:00","og_image":[{"url":"https:\/\/www.sgolastra.eu\/wp-content\/uploads\/2024\/04\/pompa-iniezione-boiacca-intro.webp"}],"twitter_card":"summary_large_image","twitter_site":"@sgolastra_eu","twitter_misc":{"Gesch\u00e4tzte Lesezeit":"2 Minuten"},"schema":{"@context":"https:\/\/schema.org","@graph":[{"@type":"WebPage","@id":"https:\/\/www.sgolastra.eu\/de\/zementeinspritzpumpen\/","url":"https:\/\/www.sgolastra.eu\/de\/zementeinspritzpumpen\/","name":"Zementeinspritzpumpen - Sgolastra srl","isPartOf":{"@id":"https:\/\/www.sgolastra.eu\/de\/#website"},"primaryImageOfPage":{"@id":"https:\/\/www.sgolastra.eu\/de\/zementeinspritzpumpen\/#primaryimage"},"image":{"@id":"https:\/\/www.sgolastra.eu\/de\/zementeinspritzpumpen\/#primaryimage"},"thumbnailUrl":"https:\/\/www.sgolastra.eu\/wp-content\/uploads\/2024\/04\/pompa-iniezione-boiacca-intro.webp","datePublished":"2018-05-10T13:55:29+00:00","dateModified":"2024-10-22T09:11:01+00:00","description":"Die zementeinspritzpumpen dient dem Einspritzen von Zementm\u00f6rtel in besch\u00e4digte oder gef\u00e4hrdete Strukturen, Mikropf\u00e4hle und vorverdichtete Strukturen.","breadcrumb":{"@id":"https:\/\/www.sgolastra.eu\/de\/zementeinspritzpumpen\/#breadcrumb"},"inLanguage":"de-DE","potentialAction":[{"@type":"ReadAction","target":["https:\/\/www.sgolastra.eu\/de\/zementeinspritzpumpen\/"]}]},{"@type":"ImageObject","inLanguage":"de-DE","@id":"https:\/\/www.sgolastra.eu\/de\/zementeinspritzpumpen\/#primaryimage","url":"https:\/\/www.sgolastra.eu\/wp-content\/uploads\/2024\/04\/pompa-iniezione-boiacca-intro.webp","contentUrl":"https:\/\/www.sgolastra.eu\/wp-content\/uploads\/2024\/04\/pompa-iniezione-boiacca-intro.webp"},{"@type":"BreadcrumbList","@id":"https:\/\/www.sgolastra.eu\/de\/zementeinspritzpumpen\/#breadcrumb","itemListElement":[{"@type":"ListItem","position":1,"name":"Home","item":"https:\/\/www.sgolastra.eu\/de\/home\/"},{"@type":"ListItem","position":2,"name":"Zementeinspritzpumpen"}]},{"@type":"WebSite","@id":"https:\/\/www.sgolastra.eu\/de\/#website","url":"https:\/\/www.sgolastra.eu\/de\/","name":"Sgolastra srl","description":"Sgolastra la soluzione ai cilindri oleodinamici","publisher":{"@id":"https:\/\/www.sgolastra.eu\/de\/#organization"},"potentialAction":[{"@type":"SearchAction","target":{"@type":"EntryPoint","urlTemplate":"https:\/\/www.sgolastra.eu\/de\/?s={search_term_string}"},"query-input":"required name=search_term_string"}],"inLanguage":"de-DE"},{"@type":"Organization","@id":"https:\/\/www.sgolastra.eu\/de\/#organization","name":"Sgolastra - cilindri oleodinamici","url":"https:\/\/www.sgolastra.eu\/de\/","logo":{"@type":"ImageObject","inLanguage":"de-DE","@id":"https:\/\/www.sgolastra.eu\/de\/#\/schema\/logo\/image\/","url":"https:\/\/www.sgolastra.eu\/wp-content\/uploads\/2018\/03\/favico.png","contentUrl":"https:\/\/www.sgolastra.eu\/wp-content\/uploads\/2018\/03\/favico.png","width":86,"height":86,"caption":"Sgolastra - cilindri oleodinamici"},"image":{"@id":"https:\/\/www.sgolastra.eu\/de\/#\/schema\/logo\/image\/"},"sameAs":["https:\/\/www.facebook.com\/sgolastra\/","https:\/\/x.com\/sgolastra_eu","https:\/\/www.instagram.com\/sgolastra.eu\/","https:\/\/www.linkedin.com\/company\/sgolastra\/","https:\/\/www.youtube.com\/channel\/UC_ZkAYCj_runCwYb7idSx-w"]}]}},"_links":{"self":[{"href":"https:\/\/www.sgolastra.eu\/de\/wp-json\/wp\/v2\/pages\/4805"}],"collection":[{"href":"https:\/\/www.sgolastra.eu\/de\/wp-json\/wp\/v2\/pages"}],"about":[{"href":"https:\/\/www.sgolastra.eu\/de\/wp-json\/wp\/v2\/types\/page"}],"author":[{"embeddable":true,"href":"https:\/\/www.sgolastra.eu\/de\/wp-json\/wp\/v2\/users\/1"}],"replies":[{"embeddable":true,"href":"https:\/\/www.sgolastra.eu\/de\/wp-json\/wp\/v2\/comments?post=4805"}],"version-history":[{"count":7,"href":"https:\/\/www.sgolastra.eu\/de\/wp-json\/wp\/v2\/pages\/4805\/revisions"}],"predecessor-version":[{"id":24732,"href":"https:\/\/www.sgolastra.eu\/de\/wp-json\/wp\/v2\/pages\/4805\/revisions\/24732"}],"wp:attachment":[{"href":"https:\/\/www.sgolastra.eu\/de\/wp-json\/wp\/v2\/media?parent=4805"}],"curies":[{"name":"wp","href":"https:\/\/api.w.org\/{rel}","templated":true}]}}