{"id":11831,"date":"2019-09-20T14:46:46","date_gmt":"2019-09-20T12:46:46","guid":{"rendered":"https:\/\/www.sgolastra.eu\/componentes-estandar-nsg\/"},"modified":"2024-09-24T09:59:46","modified_gmt":"2024-09-24T07:59:46","slug":"componentes-estandar-nsg","status":"publish","type":"page","link":"https:\/\/www.sgolastra.eu\/es\/componentes-estandar\/componentes-estandar-nsg\/","title":{"rendered":"componentes est\u00e1ndar NSG"},"content":{"rendered":"","protected":false},"excerpt":{"rendered":"","protected":false},"author":1,"featured_media":17984,"parent":12198,"menu_order":0,"comment_status":"closed","ping_status":"closed","template":"","meta":{"inline_featured_image":false,"footnotes":""},"acf":[],"yoast_head":"<!-- This site is optimized with the Yoast SEO plugin v22.9 - https:\/\/yoast.com\/wordpress\/plugins\/seo\/ -->\n<title>componentes est\u00e1ndar NSG - Sgolastra srl<\/title>\n<meta name=\"description\" content=\"Los est\u00e1ndar se definen como componentes hechos con caracter\u00edsticas y dimensiones que satisfacen las necesidades m\u00e1s frecuentes del mercado.\" \/>\n<meta name=\"robots\" content=\"index, follow, max-snippet:-1, max-image-preview:large, max-video-preview:-1\" \/>\n<link rel=\"canonical\" href=\"https:\/\/www.sgolastra.eu\/es\/componentes-estandar\/componentes-estandar-nsg\/\" \/>\n<meta property=\"og:locale\" content=\"es_ES\" \/>\n<meta property=\"og:type\" content=\"article\" \/>\n<meta property=\"og:title\" content=\"componentes est\u00e1ndar NSG - Sgolastra srl\" \/>\n<meta property=\"og:description\" content=\"Los est\u00e1ndar se definen como componentes hechos con caracter\u00edsticas y dimensiones que satisfacen las necesidades m\u00e1s frecuentes del mercado.\" \/>\n<meta property=\"og:url\" content=\"https:\/\/www.sgolastra.eu\/es\/componentes-estandar\/componentes-estandar-nsg\/\" \/>\n<meta property=\"og:site_name\" content=\"Sgolastra srl\" \/>\n<meta property=\"article:publisher\" content=\"https:\/\/www.facebook.com\/sgolastra\/\" \/>\n<meta property=\"article:modified_time\" content=\"2024-09-24T07:59:46+00:00\" \/>\n<meta property=\"og:image\" content=\"https:\/\/www.sgolastra.eu\/wp-content\/uploads\/2024\/03\/nsg-1.png\" \/>\n\t<meta property=\"og:image:width\" content=\"1000\" \/>\n\t<meta property=\"og:image:height\" content=\"1000\" \/>\n\t<meta property=\"og:image:type\" content=\"image\/png\" \/>\n<meta name=\"twitter:card\" content=\"summary_large_image\" \/>\n<meta name=\"twitter:site\" content=\"@sgolastra_eu\" \/>\n<meta name=\"twitter:label1\" content=\"Tiempo de lectura\" \/>\n\t<meta name=\"twitter:data1\" content=\"1 minuto\" \/>\n<script type=\"application\/ld+json\" class=\"yoast-schema-graph\">{\"@context\":\"https:\/\/schema.org\",\"@graph\":[{\"@type\":\"WebPage\",\"@id\":\"https:\/\/www.sgolastra.eu\/es\/componentes-estandar\/componentes-estandar-nsg\/\",\"url\":\"https:\/\/www.sgolastra.eu\/es\/componentes-estandar\/componentes-estandar-nsg\/\",\"name\":\"componentes est\u00e1ndar NSG - Sgolastra srl\",\"isPartOf\":{\"@id\":\"https:\/\/www.sgolastra.eu\/es\/#website\"},\"primaryImageOfPage\":{\"@id\":\"https:\/\/www.sgolastra.eu\/es\/componentes-estandar\/componentes-estandar-nsg\/#primaryimage\"},\"image\":{\"@id\":\"https:\/\/www.sgolastra.eu\/es\/componentes-estandar\/componentes-estandar-nsg\/#primaryimage\"},\"thumbnailUrl\":\"https:\/\/www.sgolastra.eu\/wp-content\/uploads\/2024\/03\/nsg-1.png\",\"datePublished\":\"2019-09-20T12:46:46+00:00\",\"dateModified\":\"2024-09-24T07:59:46+00:00\",\"description\":\"Los est\u00e1ndar se definen como componentes hechos con caracter\u00edsticas y dimensiones que satisfacen las necesidades m\u00e1s frecuentes del mercado.\",\"breadcrumb\":{\"@id\":\"https:\/\/www.sgolastra.eu\/es\/componentes-estandar\/componentes-estandar-nsg\/#breadcrumb\"},\"inLanguage\":\"es\",\"potentialAction\":[{\"@type\":\"ReadAction\",\"target\":[\"https:\/\/www.sgolastra.eu\/es\/componentes-estandar\/componentes-estandar-nsg\/\"]}]},{\"@type\":\"ImageObject\",\"inLanguage\":\"es\",\"@id\":\"https:\/\/www.sgolastra.eu\/es\/componentes-estandar\/componentes-estandar-nsg\/#primaryimage\",\"url\":\"https:\/\/www.sgolastra.eu\/wp-content\/uploads\/2024\/03\/nsg-1.png\",\"contentUrl\":\"https:\/\/www.sgolastra.eu\/wp-content\/uploads\/2024\/03\/nsg-1.png\",\"width\":1000,\"height\":1000},{\"@type\":\"BreadcrumbList\",\"@id\":\"https:\/\/www.sgolastra.eu\/es\/componentes-estandar\/componentes-estandar-nsg\/#breadcrumb\",\"itemListElement\":[{\"@type\":\"ListItem\",\"position\":1,\"name\":\"Home\",\"item\":\"https:\/\/www.sgolastra.eu\/es\/home\/\"},{\"@type\":\"ListItem\",\"position\":2,\"name\":\"componentes est\u00e1ndar\",\"item\":\"https:\/\/www.sgolastra.eu\/es\/componentes-estandar\/\"},{\"@type\":\"ListItem\",\"position\":3,\"name\":\"componentes est\u00e1ndar NSG\"}]},{\"@type\":\"WebSite\",\"@id\":\"https:\/\/www.sgolastra.eu\/es\/#website\",\"url\":\"https:\/\/www.sgolastra.eu\/es\/\",\"name\":\"Sgolastra srl\",\"description\":\"Sgolastra la soluzione ai cilindri oleodinamici\",\"publisher\":{\"@id\":\"https:\/\/www.sgolastra.eu\/es\/#organization\"},\"potentialAction\":[{\"@type\":\"SearchAction\",\"target\":{\"@type\":\"EntryPoint\",\"urlTemplate\":\"https:\/\/www.sgolastra.eu\/es\/?s={search_term_string}\"},\"query-input\":\"required name=search_term_string\"}],\"inLanguage\":\"es\"},{\"@type\":\"Organization\",\"@id\":\"https:\/\/www.sgolastra.eu\/es\/#organization\",\"name\":\"Sgolastra - cilindri oleodinamici\",\"url\":\"https:\/\/www.sgolastra.eu\/es\/\",\"logo\":{\"@type\":\"ImageObject\",\"inLanguage\":\"es\",\"@id\":\"https:\/\/www.sgolastra.eu\/es\/#\/schema\/logo\/image\/\",\"url\":\"https:\/\/www.sgolastra.eu\/wp-content\/uploads\/2018\/03\/favico.png\",\"contentUrl\":\"https:\/\/www.sgolastra.eu\/wp-content\/uploads\/2018\/03\/favico.png\",\"width\":86,\"height\":86,\"caption\":\"Sgolastra - cilindri oleodinamici\"},\"image\":{\"@id\":\"https:\/\/www.sgolastra.eu\/es\/#\/schema\/logo\/image\/\"},\"sameAs\":[\"https:\/\/www.facebook.com\/sgolastra\/\",\"https:\/\/x.com\/sgolastra_eu\",\"https:\/\/www.instagram.com\/sgolastra.eu\/\",\"https:\/\/www.linkedin.com\/company\/sgolastra\/\",\"https:\/\/www.youtube.com\/channel\/UC_ZkAYCj_runCwYb7idSx-w\"]}]}<\/script>\n<!-- \/ Yoast SEO plugin. -->","yoast_head_json":{"title":"componentes est\u00e1ndar NSG - Sgolastra srl","description":"Los est\u00e1ndar se definen como componentes hechos con caracter\u00edsticas y dimensiones que satisfacen las necesidades m\u00e1s frecuentes del mercado.","robots":{"index":"index","follow":"follow","max-snippet":"max-snippet:-1","max-image-preview":"max-image-preview:large","max-video-preview":"max-video-preview:-1"},"canonical":"https:\/\/www.sgolastra.eu\/es\/componentes-estandar\/componentes-estandar-nsg\/","og_locale":"es_ES","og_type":"article","og_title":"componentes est\u00e1ndar NSG - Sgolastra srl","og_description":"Los est\u00e1ndar se definen como componentes hechos con caracter\u00edsticas y dimensiones que satisfacen las necesidades m\u00e1s frecuentes del mercado.","og_url":"https:\/\/www.sgolastra.eu\/es\/componentes-estandar\/componentes-estandar-nsg\/","og_site_name":"Sgolastra srl","article_publisher":"https:\/\/www.facebook.com\/sgolastra\/","article_modified_time":"2024-09-24T07:59:46+00:00","og_image":[{"width":1000,"height":1000,"url":"https:\/\/www.sgolastra.eu\/wp-content\/uploads\/2024\/03\/nsg-1.png","type":"image\/png"}],"twitter_card":"summary_large_image","twitter_site":"@sgolastra_eu","twitter_misc":{"Tiempo de lectura":"1 minuto"},"schema":{"@context":"https:\/\/schema.org","@graph":[{"@type":"WebPage","@id":"https:\/\/www.sgolastra.eu\/es\/componentes-estandar\/componentes-estandar-nsg\/","url":"https:\/\/www.sgolastra.eu\/es\/componentes-estandar\/componentes-estandar-nsg\/","name":"componentes est\u00e1ndar NSG - Sgolastra srl","isPartOf":{"@id":"https:\/\/www.sgolastra.eu\/es\/#website"},"primaryImageOfPage":{"@id":"https:\/\/www.sgolastra.eu\/es\/componentes-estandar\/componentes-estandar-nsg\/#primaryimage"},"image":{"@id":"https:\/\/www.sgolastra.eu\/es\/componentes-estandar\/componentes-estandar-nsg\/#primaryimage"},"thumbnailUrl":"https:\/\/www.sgolastra.eu\/wp-content\/uploads\/2024\/03\/nsg-1.png","datePublished":"2019-09-20T12:46:46+00:00","dateModified":"2024-09-24T07:59:46+00:00","description":"Los est\u00e1ndar se definen como componentes hechos con caracter\u00edsticas y dimensiones que satisfacen las necesidades m\u00e1s frecuentes del mercado.","breadcrumb":{"@id":"https:\/\/www.sgolastra.eu\/es\/componentes-estandar\/componentes-estandar-nsg\/#breadcrumb"},"inLanguage":"es","potentialAction":[{"@type":"ReadAction","target":["https:\/\/www.sgolastra.eu\/es\/componentes-estandar\/componentes-estandar-nsg\/"]}]},{"@type":"ImageObject","inLanguage":"es","@id":"https:\/\/www.sgolastra.eu\/es\/componentes-estandar\/componentes-estandar-nsg\/#primaryimage","url":"https:\/\/www.sgolastra.eu\/wp-content\/uploads\/2024\/03\/nsg-1.png","contentUrl":"https:\/\/www.sgolastra.eu\/wp-content\/uploads\/2024\/03\/nsg-1.png","width":1000,"height":1000},{"@type":"BreadcrumbList","@id":"https:\/\/www.sgolastra.eu\/es\/componentes-estandar\/componentes-estandar-nsg\/#breadcrumb","itemListElement":[{"@type":"ListItem","position":1,"name":"Home","item":"https:\/\/www.sgolastra.eu\/es\/home\/"},{"@type":"ListItem","position":2,"name":"componentes est\u00e1ndar","item":"https:\/\/www.sgolastra.eu\/es\/componentes-estandar\/"},{"@type":"ListItem","position":3,"name":"componentes est\u00e1ndar NSG"}]},{"@type":"WebSite","@id":"https:\/\/www.sgolastra.eu\/es\/#website","url":"https:\/\/www.sgolastra.eu\/es\/","name":"Sgolastra srl","description":"Sgolastra la soluzione ai cilindri oleodinamici","publisher":{"@id":"https:\/\/www.sgolastra.eu\/es\/#organization"},"potentialAction":[{"@type":"SearchAction","target":{"@type":"EntryPoint","urlTemplate":"https:\/\/www.sgolastra.eu\/es\/?s={search_term_string}"},"query-input":"required name=search_term_string"}],"inLanguage":"es"},{"@type":"Organization","@id":"https:\/\/www.sgolastra.eu\/es\/#organization","name":"Sgolastra - cilindri oleodinamici","url":"https:\/\/www.sgolastra.eu\/es\/","logo":{"@type":"ImageObject","inLanguage":"es","@id":"https:\/\/www.sgolastra.eu\/es\/#\/schema\/logo\/image\/","url":"https:\/\/www.sgolastra.eu\/wp-content\/uploads\/2018\/03\/favico.png","contentUrl":"https:\/\/www.sgolastra.eu\/wp-content\/uploads\/2018\/03\/favico.png","width":86,"height":86,"caption":"Sgolastra - cilindri oleodinamici"},"image":{"@id":"https:\/\/www.sgolastra.eu\/es\/#\/schema\/logo\/image\/"},"sameAs":["https:\/\/www.facebook.com\/sgolastra\/","https:\/\/x.com\/sgolastra_eu","https:\/\/www.instagram.com\/sgolastra.eu\/","https:\/\/www.linkedin.com\/company\/sgolastra\/","https:\/\/www.youtube.com\/channel\/UC_ZkAYCj_runCwYb7idSx-w"]}]}},"_links":{"self":[{"href":"https:\/\/www.sgolastra.eu\/es\/wp-json\/wp\/v2\/pages\/11831"}],"collection":[{"href":"https:\/\/www.sgolastra.eu\/es\/wp-json\/wp\/v2\/pages"}],"about":[{"href":"https:\/\/www.sgolastra.eu\/es\/wp-json\/wp\/v2\/types\/page"}],"author":[{"embeddable":true,"href":"https:\/\/www.sgolastra.eu\/es\/wp-json\/wp\/v2\/users\/1"}],"replies":[{"embeddable":true,"href":"https:\/\/www.sgolastra.eu\/es\/wp-json\/wp\/v2\/comments?post=11831"}],"version-history":[{"count":3,"href":"https:\/\/www.sgolastra.eu\/es\/wp-json\/wp\/v2\/pages\/11831\/revisions"}],"predecessor-version":[{"id":24330,"href":"https:\/\/www.sgolastra.eu\/es\/wp-json\/wp\/v2\/pages\/11831\/revisions\/24330"}],"up":[{"embeddable":true,"href":"https:\/\/www.sgolastra.eu\/es\/wp-json\/wp\/v2\/pages\/12198"}],"wp:featuredmedia":[{"embeddable":true,"href":"https:\/\/www.sgolastra.eu\/es\/wp-json\/wp\/v2\/media\/17984"}],"wp:attachment":[{"href":"https:\/\/www.sgolastra.eu\/es\/wp-json\/wp\/v2\/media?parent=11831"}],"curies":[{"name":"wp","href":"https:\/\/api.w.org\/{rel}","templated":true}]}}