{"id":24429,"date":"2024-09-24T12:14:35","date_gmt":"2024-09-24T10:14:35","guid":{"rendered":"https:\/\/www.sgolastra.eu\/?page_id=24429"},"modified":"2025-06-24T15:53:02","modified_gmt":"2025-06-24T13:53:02","slug":"garras-p-h-c","status":"publish","type":"page","link":"https:\/\/www.sgolastra.eu\/pt-br\/acessorios-de-perfuracao\/garras-p-h-c\/","title":{"rendered":"Garras P.H.C."},"content":{"rendered":"\t\t<div data-elementor-type=\"wp-page\" data-elementor-id=\"24429\" class=\"elementor elementor-24429 elementor-18883\" data-elementor-post-type=\"page\">\n\t\t\t\t\t\t\t<div class=\"elementor-element elementor-element-03b22db scale-full-y e-flex e-con-boxed e-con e-parent\" data-id=\"03b22db\" data-element_type=\"container\" data-settings=\"{&quot;background_background&quot;:&quot;classic&quot;,&quot;content_width&quot;:&quot;boxed&quot;}\" data-core-v316-plus=\"true\">\n\t\t\t\t\t<div class=\"e-con-inner\">\n\t\t\t\t<div class=\"elementor-element elementor-element-5903da5 elementor-widget elementor-widget-heading\" data-id=\"5903da5\" data-element_type=\"widget\" data-widget_type=\"heading.default\">\n\t\t\t\t<div class=\"elementor-widget-container\">\n\t\t\t<style>\/*! elementor - v3.17.0 - 08-11-2023 *\/\n.elementor-heading-title{padding:0;margin:0;line-height:1}.elementor-widget-heading .elementor-heading-title[class*=elementor-size-]>a{color:inherit;font-size:inherit;line-height:inherit}.elementor-widget-heading .elementor-heading-title.elementor-size-small{font-size:15px}.elementor-widget-heading .elementor-heading-title.elementor-size-medium{font-size:19px}.elementor-widget-heading .elementor-heading-title.elementor-size-large{font-size:29px}.elementor-widget-heading .elementor-heading-title.elementor-size-xl{font-size:39px}.elementor-widget-heading .elementor-heading-title.elementor-size-xxl{font-size:59px}<\/style><h1 class=\"elementor-heading-title elementor-size-default\">Garra P.H.C.<\/h1>\t\t<\/div>\n\t\t\t\t<\/div>\n\t\t\t\t<div class=\"elementor-element elementor-element-49e11a2 elementor-align-center elementor-widget elementor-widget-breadcrumbs\" data-id=\"49e11a2\" data-element_type=\"widget\" data-widget_type=\"breadcrumbs.default\">\n\t\t\t\t<div class=\"elementor-widget-container\">\n\t\t\t<link rel=\"stylesheet\" href=\"https:\/\/www.sgolastra.eu\/wp-content\/plugins\/pro-elements\/assets\/css\/widget-theme-elements.min.css\"><p id=\"breadcrumbs\"><span><span><a href=\"https:\/\/www.sgolastra.eu\/pt-br\/home\/\">Home<\/a><\/span><\/span><\/p>\t\t<\/div>\n\t\t\t\t<\/div>\n\t\t\t\t\t<\/div>\n\t\t\t\t<\/div>\n\t\t<div class=\"elementor-element elementor-element-80a8d10 e-flex e-con-boxed e-con e-parent\" data-id=\"80a8d10\" data-element_type=\"container\" data-settings=\"{&quot;background_background&quot;:&quot;classic&quot;,&quot;content_width&quot;:&quot;boxed&quot;}\" data-core-v316-plus=\"true\">\n\t\t\t\t\t<div class=\"e-con-inner\">\n\t\t<div class=\"elementor-element elementor-element-1a89df3 e-con-full e-flex e-con e-child\" data-id=\"1a89df3\" data-element_type=\"container\" data-settings=\"{&quot;content_width&quot;:&quot;full&quot;}\">\n\t\t\t\t<div class=\"elementor-element elementor-element-a207a12 elementor-widget elementor-widget-image\" data-id=\"a207a12\" data-element_type=\"widget\" data-widget_type=\"image.default\">\n\t\t\t\t<div class=\"elementor-widget-container\">\n\t\t\t<style>\/*! elementor - v3.17.0 - 08-11-2023 *\/\n.elementor-widget-image{text-align:center}.elementor-widget-image a{display:inline-block}.elementor-widget-image a img[src$=\".svg\"]{width:48px}.elementor-widget-image img{vertical-align:middle;display:inline-block}<\/style>\t\t\t\t\t\t\t\t\t\t\t\t<img fetchpriority=\"high\" decoding=\"async\" width=\"800\" height=\"564\" src=\"https:\/\/www.sgolastra.eu\/wp-content\/uploads\/2024\/06\/morsa-toc.webp\" class=\"attachment-large size-large wp-image-21902\" alt=\"\" srcset=\"https:\/\/www.sgolastra.eu\/wp-content\/uploads\/2024\/06\/morsa-toc.webp 1000w, https:\/\/www.sgolastra.eu\/wp-content\/uploads\/2024\/06\/morsa-toc-300x212.webp 300w, https:\/\/www.sgolastra.eu\/wp-content\/uploads\/2024\/06\/morsa-toc-768x541.webp 768w\" sizes=\"(max-width: 800px) 100vw, 800px\" \/>\t\t\t\t\t\t\t\t\t\t\t\t\t\t\t<\/div>\n\t\t\t\t<\/div>\n\t\t\t\t<\/div>\n\t\t<div class=\"elementor-element elementor-element-42363b6 e-con-full e-flex e-con e-child\" data-id=\"42363b6\" data-element_type=\"container\" data-settings=\"{&quot;content_width&quot;:&quot;full&quot;}\">\n\t\t\t\t<div class=\"elementor-element elementor-element-b19466e elementor-widget elementor-widget-heading\" data-id=\"b19466e\" data-element_type=\"widget\" data-widget_type=\"heading.default\">\n\t\t\t\t<div class=\"elementor-widget-container\">\n\t\t\t<h6 class=\"elementor-heading-title elementor-size-default\">SOLU\u00c7\u00d5ES PARA PERFURA\u00c7\u00c3O HORIZONTAL CONTROLADA<\/h6>\t\t<\/div>\n\t\t\t\t<\/div>\n\t\t\t\t<div class=\"elementor-element elementor-element-62718d2 elementor-widget elementor-widget-heading\" data-id=\"62718d2\" data-element_type=\"widget\" data-widget_type=\"heading.default\">\n\t\t\t\t<div class=\"elementor-widget-container\">\n\t\t\t<h2 class=\"elementor-heading-title elementor-size-default\">Garra PHC de \u00f8162 a \u00f8254<\/h2>\t\t<\/div>\n\t\t\t\t<\/div>\n\t\t\t\t<div class=\"elementor-element elementor-element-a9d53cf elementor-widget elementor-widget-text-editor\" data-id=\"a9d53cf\" data-element_type=\"widget\" data-widget_type=\"text-editor.default\">\n\t\t\t\t<div class=\"elementor-widget-container\">\n\t\t\t<style>\/*! elementor - v3.17.0 - 08-11-2023 *\/\n.elementor-widget-text-editor.elementor-drop-cap-view-stacked .elementor-drop-cap{background-color:#69727d;color:#fff}.elementor-widget-text-editor.elementor-drop-cap-view-framed .elementor-drop-cap{color:#69727d;border:3px solid;background-color:transparent}.elementor-widget-text-editor:not(.elementor-drop-cap-view-default) .elementor-drop-cap{margin-top:8px}.elementor-widget-text-editor:not(.elementor-drop-cap-view-default) .elementor-drop-cap-letter{width:1em;height:1em}.elementor-widget-text-editor .elementor-drop-cap{float:left;text-align:center;line-height:1;font-size:50px}.elementor-widget-text-editor .elementor-drop-cap-letter{display:inline-block}<\/style>\t\t\t\t<p>A TOC ou Perfura\u00e7\u00e3o Horizontal Controlada \u00e9 um processo que permite a inser\u00e7\u00e3o de novas tubagens r\u00edgidas e flex\u00edveis sob obras naturais e humanas, como estradas urbanas, ferrovias ou hidrovias, minimizando o impacto ambiental e as interrup\u00e7\u00f5es durante a fase de trabalho.<\/p><p>A versatilidade da garra m\u00f3vel permite que seja montada em escavadores ou fixada a uma grua, e \u00e9 perfeita para o TOC, respondendo a todas as necessidades de prepara\u00e7\u00e3o e desmontagem de constru\u00e7\u00f5es subterr\u00e2neas.<\/p><p>\u00c9 utilizada na posi\u00e7\u00e3o horizontal e o pino montado posteriormente permite-lhe ajustar a sua inclina\u00e7\u00e3o.<br \/>A unidade abrange um di\u00e2metro de 162 a 254 mm e \u00e9 t\u00e3o compacta que pode adaptar-se a todos os espa\u00e7os confinados.<\/p>\t\t\t\t\t\t<\/div>\n\t\t\t\t<\/div>\n\t\t\t\t<div class=\"elementor-element elementor-element-2d44afc elementor-widget elementor-widget-button\" data-id=\"2d44afc\" data-element_type=\"widget\" data-widget_type=\"button.default\">\n\t\t\t\t<div class=\"elementor-widget-container\">\n\t\t\t\t\t<div class=\"elementor-button-wrapper\">\n\t\t\t<a class=\"elementor-button elementor-button-link elementor-size-sm\" href=\"https:\/\/www.sgolastra.eu\/wp-content\/uploads\/2024\/06\/Sgolastra_scheda_morsa-162-254_02-1.pdf\" target=\"_blank\">\n\t\t\t\t\t\t<span class=\"elementor-button-content-wrapper\">\n\t\t\t\t\t\t<span class=\"elementor-button-icon elementor-align-icon-left\">\n\t\t\t\t<i aria-hidden=\"true\" class=\"far fa-file-pdf\"><\/i>\t\t\t<\/span>\n\t\t\t\t\t\t<span class=\"elementor-button-text\">Descarregue a ficha t\u00e9cnica <\/span>\n\t\t<\/span>\n\t\t\t\t\t<\/a>\n\t\t<\/div>\n\t\t\t\t<\/div>\n\t\t\t\t<\/div>\n\t\t\t\t<\/div>\n\t\t\t\t\t<\/div>\n\t\t\t\t<\/div>\n\t\t<div class=\"elementor-element elementor-element-53c7ca5 fotogallery-wrapper e-flex e-con-boxed e-con e-parent\" data-id=\"53c7ca5\" data-element_type=\"container\" data-settings=\"{&quot;background_background&quot;:&quot;classic&quot;,&quot;content_width&quot;:&quot;boxed&quot;}\" data-core-v316-plus=\"true\">\n\t\t\t\t\t<div class=\"e-con-inner\">\n\t\t\t\t<div class=\"elementor-element elementor-element-908f2b9 elementor-widget elementor-widget-video\" data-id=\"908f2b9\" data-element_type=\"widget\" data-settings=\"{&quot;youtube_url&quot;:&quot;https:\\\/\\\/www.youtube.com\\\/watch?v=FGhpXb5lVyk&quot;,&quot;video_type&quot;:&quot;youtube&quot;,&quot;controls&quot;:&quot;yes&quot;}\" data-widget_type=\"video.default\">\n\t\t\t\t<div class=\"elementor-widget-container\">\n\t\t\t<style>\/*! elementor - v3.17.0 - 08-11-2023 *\/\n.elementor-widget-video .elementor-widget-container{overflow:hidden;transform:translateZ(0)}.elementor-widget-video .elementor-wrapper{aspect-ratio:var(--video-aspect-ratio)}.elementor-widget-video .elementor-wrapper iframe,.elementor-widget-video .elementor-wrapper video{height:100%;width:100%;display:flex;border:none;background-color:#000}@supports not (aspect-ratio:1\/1){.elementor-widget-video .elementor-wrapper{position:relative;overflow:hidden;height:0;padding-bottom:calc(100% \/ var(--video-aspect-ratio))}.elementor-widget-video .elementor-wrapper iframe,.elementor-widget-video .elementor-wrapper video{position:absolute;top:0;right:0;bottom:0;left:0}}.elementor-widget-video .elementor-open-inline .elementor-custom-embed-image-overlay{position:absolute;top:0;right:0;bottom:0;left:0;background-size:cover;background-position:50%}.elementor-widget-video .elementor-custom-embed-image-overlay{cursor:pointer;text-align:center}.elementor-widget-video .elementor-custom-embed-image-overlay:hover .elementor-custom-embed-play i{opacity:1}.elementor-widget-video .elementor-custom-embed-image-overlay img{display:block;width:100%;aspect-ratio:var(--video-aspect-ratio);-o-object-fit:cover;object-fit:cover;-o-object-position:center center;object-position:center center}@supports not (aspect-ratio:1\/1){.elementor-widget-video .elementor-custom-embed-image-overlay{position:relative;overflow:hidden;height:0;padding-bottom:calc(100% \/ var(--video-aspect-ratio))}.elementor-widget-video .elementor-custom-embed-image-overlay img{position:absolute;top:0;right:0;bottom:0;left:0}}.elementor-widget-video .e-hosted-video .elementor-video{-o-object-fit:cover;object-fit:cover}.e-con-inner>.elementor-widget-video,.e-con>.elementor-widget-video{width:var(--container-widget-width);--flex-grow:var(--container-widget-flex-grow)}<\/style>\t\t<div class=\"elementor-wrapper elementor-open-inline\">\n\t\t\t<div class=\"elementor-video\"><\/div>\t\t<\/div>\n\t\t\t\t<\/div>\n\t\t\t\t<\/div>\n\t\t\t\t<div class=\"elementor-element elementor-element-b2556c2 elementor-widget elementor-widget-heading\" data-id=\"b2556c2\" data-element_type=\"widget\" data-widget_type=\"heading.default\">\n\t\t\t\t<div class=\"elementor-widget-container\">\n\t\t\t<h6 class=\"elementor-heading-title elementor-size-default\">SAIBA MAIS<\/h6>\t\t<\/div>\n\t\t\t\t<\/div>\n\t\t\t\t<div class=\"elementor-element elementor-element-70303eb elementor-widget elementor-widget-heading\" data-id=\"70303eb\" data-element_type=\"widget\" data-widget_type=\"heading.default\">\n\t\t\t\t<div class=\"elementor-widget-container\">\n\t\t\t<h2 class=\"elementor-heading-title elementor-size-default\">Galeria de imagens<\/h2>\t\t<\/div>\n\t\t\t\t<\/div>\n\t\t\t\t<div class=\"elementor-element elementor-element-0f1f788 elementor-arrows-position-inside elementor-pagination-position-outside elementor-widget elementor-widget-image-carousel\" data-id=\"0f1f788\" data-element_type=\"widget\" data-settings=\"{&quot;slides_to_show&quot;:&quot;1&quot;,&quot;navigation&quot;:&quot;both&quot;,&quot;autoplay&quot;:&quot;yes&quot;,&quot;pause_on_hover&quot;:&quot;yes&quot;,&quot;pause_on_interaction&quot;:&quot;yes&quot;,&quot;autoplay_speed&quot;:5000,&quot;infinite&quot;:&quot;yes&quot;,&quot;effect&quot;:&quot;slide&quot;,&quot;speed&quot;:500}\" data-widget_type=\"image-carousel.default\">\n\t\t\t\t<div class=\"elementor-widget-container\">\n\t\t\t<style>\/*! elementor - v3.17.0 - 08-11-2023 *\/\n.elementor-widget-image-carousel .swiper,.elementor-widget-image-carousel .swiper-container{position:static}.elementor-widget-image-carousel .swiper-container .swiper-slide figure,.elementor-widget-image-carousel .swiper .swiper-slide figure{line-height:inherit}.elementor-widget-image-carousel .swiper-slide{text-align:center}.elementor-image-carousel-wrapper:not(.swiper-container-initialized):not(.swiper-initialized) .swiper-slide{max-width:calc(100% \/ var(--e-image-carousel-slides-to-show, 3))}<\/style>\t\t<div class=\"elementor-image-carousel-wrapper swiper\" dir=\"ltr\">\n\t\t\t<div class=\"elementor-image-carousel swiper-wrapper\" aria-live=\"off\">\n\t\t\t\t\t\t\t\t<div class=\"swiper-slide\" role=\"group\" aria-roledescription=\"slide\" aria-label=\"1 of 2\"><figure class=\"swiper-slide-inner\"><img decoding=\"async\" class=\"swiper-slide-image\" src=\"https:\/\/www.sgolastra.eu\/wp-content\/uploads\/2024\/05\/7c6ed4be-383f-4687-aa70-f2a3f6dbf260-1.jpg\" alt=\"7c6ed4be-383f-4687-aa70-f2a3f6dbf260 (1)\" \/><\/figure><\/div><div class=\"swiper-slide\" role=\"group\" aria-roledescription=\"slide\" aria-label=\"2 of 2\"><figure class=\"swiper-slide-inner\"><img decoding=\"async\" class=\"swiper-slide-image\" src=\"https:\/\/www.sgolastra.eu\/wp-content\/uploads\/2024\/05\/aebefccf-9a22-4cad-ba40-2df7f34f4bdf-1.jpg\" alt=\"aebefccf-9a22-4cad-ba40-2df7f34f4bdf (1)\" \/><\/figure><\/div>\t\t\t<\/div>\n\t\t\t\t\t\t\t\t\t\t\t\t<div class=\"elementor-swiper-button elementor-swiper-button-prev\" role=\"button\" tabindex=\"0\">\n\t\t\t\t\t\t<i aria-hidden=\"true\" class=\"eicon-chevron-left\"><\/i>\t\t\t\t\t<\/div>\n\t\t\t\t\t<div class=\"elementor-swiper-button elementor-swiper-button-next\" role=\"button\" tabindex=\"0\">\n\t\t\t\t\t\t<i aria-hidden=\"true\" class=\"eicon-chevron-right\"><\/i>\t\t\t\t\t<\/div>\n\t\t\t\t\n\t\t\t\t\t\t\t\t\t<div class=\"swiper-pagination\"><\/div>\n\t\t\t\t\t\t\t\t\t<\/div>\n\t\t\t\t<\/div>\n\t\t\t\t<\/div>\n\t\t\t\t\t<\/div>\n\t\t\t\t<\/div>\n\t\t\t\t\t\t\t<\/div>\n\t\t","protected":false},"excerpt":{"rendered":"<p>Garra P.H.C. SOLU\u00c7\u00d5ES PARA PERFURA\u00c7\u00c3O HORIZONTAL CONTROLADA Garra PHC de \u00f8162 a \u00f8254 A TOC ou Perfura\u00e7\u00e3o Horizontal Controlada \u00e9 um processo que permite a inser\u00e7\u00e3o de novas tubagens r\u00edgidas e flex\u00edveis sob obras naturais e humanas, como estradas urbanas, ferrovias ou hidrovias, minimizando o impacto ambiental e as interrup\u00e7\u00f5es durante a fase de trabalho. [&hellip;]<\/p>\n","protected":false},"author":1,"featured_media":0,"parent":3130,"menu_order":0,"comment_status":"closed","ping_status":"closed","template":"elementor_header_footer","meta":{"inline_featured_image":false,"footnotes":""},"acf":[],"yoast_head":"<!-- This site is optimized with the Yoast SEO plugin v22.9 - https:\/\/yoast.com\/wordpress\/plugins\/seo\/ -->\n<title>Garras P.H.C. - Sgolastra srl<\/title>\n<meta name=\"robots\" content=\"index, follow, max-snippet:-1, max-image-preview:large, max-video-preview:-1\" \/>\n<link rel=\"canonical\" href=\"https:\/\/www.sgolastra.eu\/pt-br\/acessorios-de-perfuracao\/garras-p-h-c\/\" \/>\n<meta property=\"og:locale\" content=\"pt_BR\" \/>\n<meta property=\"og:type\" content=\"article\" \/>\n<meta property=\"og:title\" content=\"Garras P.H.C. - Sgolastra srl\" \/>\n<meta property=\"og:description\" content=\"Garra P.H.C. SOLU\u00c7\u00d5ES PARA PERFURA\u00c7\u00c3O HORIZONTAL CONTROLADA Garra PHC de \u00f8162 a \u00f8254 A TOC ou Perfura\u00e7\u00e3o Horizontal Controlada \u00e9 um processo que permite a inser\u00e7\u00e3o de novas tubagens r\u00edgidas e flex\u00edveis sob obras naturais e humanas, como estradas urbanas, ferrovias ou hidrovias, minimizando o impacto ambiental e as interrup\u00e7\u00f5es durante a fase de trabalho. [&hellip;]\" \/>\n<meta property=\"og:url\" content=\"https:\/\/www.sgolastra.eu\/pt-br\/acessorios-de-perfuracao\/garras-p-h-c\/\" \/>\n<meta property=\"og:site_name\" content=\"Sgolastra srl\" \/>\n<meta property=\"article:publisher\" content=\"https:\/\/www.facebook.com\/sgolastra\/\" \/>\n<meta property=\"article:modified_time\" content=\"2025-06-24T13:53:02+00:00\" \/>\n<meta property=\"og:image\" content=\"https:\/\/www.sgolastra.eu\/wp-content\/uploads\/2024\/06\/morsa-toc.webp\" \/>\n<meta name=\"twitter:card\" content=\"summary_large_image\" \/>\n<meta name=\"twitter:site\" content=\"@sgolastra_eu\" \/>\n<meta name=\"twitter:label1\" content=\"Est. tempo de leitura\" \/>\n\t<meta name=\"twitter:data1\" content=\"2 minutos\" \/>\n<script type=\"application\/ld+json\" class=\"yoast-schema-graph\">{\"@context\":\"https:\/\/schema.org\",\"@graph\":[{\"@type\":\"WebPage\",\"@id\":\"https:\/\/www.sgolastra.eu\/pt-br\/acessorios-de-perfuracao\/garras-p-h-c\/\",\"url\":\"https:\/\/www.sgolastra.eu\/pt-br\/acessorios-de-perfuracao\/garras-p-h-c\/\",\"name\":\"Garras P.H.C. - Sgolastra srl\",\"isPartOf\":{\"@id\":\"https:\/\/www.sgolastra.eu\/pt-br\/#website\"},\"primaryImageOfPage\":{\"@id\":\"https:\/\/www.sgolastra.eu\/pt-br\/acessorios-de-perfuracao\/garras-p-h-c\/#primaryimage\"},\"image\":{\"@id\":\"https:\/\/www.sgolastra.eu\/pt-br\/acessorios-de-perfuracao\/garras-p-h-c\/#primaryimage\"},\"thumbnailUrl\":\"https:\/\/www.sgolastra.eu\/wp-content\/uploads\/2024\/06\/morsa-toc.webp\",\"datePublished\":\"2024-09-24T10:14:35+00:00\",\"dateModified\":\"2025-06-24T13:53:02+00:00\",\"breadcrumb\":{\"@id\":\"https:\/\/www.sgolastra.eu\/pt-br\/acessorios-de-perfuracao\/garras-p-h-c\/#breadcrumb\"},\"inLanguage\":\"pt-BR\",\"potentialAction\":[{\"@type\":\"ReadAction\",\"target\":[\"https:\/\/www.sgolastra.eu\/pt-br\/acessorios-de-perfuracao\/garras-p-h-c\/\"]}]},{\"@type\":\"ImageObject\",\"inLanguage\":\"pt-BR\",\"@id\":\"https:\/\/www.sgolastra.eu\/pt-br\/acessorios-de-perfuracao\/garras-p-h-c\/#primaryimage\",\"url\":\"https:\/\/www.sgolastra.eu\/wp-content\/uploads\/2024\/06\/morsa-toc.webp\",\"contentUrl\":\"https:\/\/www.sgolastra.eu\/wp-content\/uploads\/2024\/06\/morsa-toc.webp\"},{\"@type\":\"BreadcrumbList\",\"@id\":\"https:\/\/www.sgolastra.eu\/pt-br\/acessorios-de-perfuracao\/garras-p-h-c\/#breadcrumb\",\"itemListElement\":[{\"@type\":\"ListItem\",\"position\":1,\"name\":\"Home\",\"item\":\"https:\/\/www.sgolastra.eu\/pt-br\/home\/\"},{\"@type\":\"ListItem\",\"position\":2,\"name\":\"Acess\u00f3rios de perfura\u00e7\u00e3o\",\"item\":\"https:\/\/www.sgolastra.eu\/pt-br\/acessorios-de-perfuracao\/\"},{\"@type\":\"ListItem\",\"position\":3,\"name\":\"Garras P.H.C.\"}]},{\"@type\":\"WebSite\",\"@id\":\"https:\/\/www.sgolastra.eu\/pt-br\/#website\",\"url\":\"https:\/\/www.sgolastra.eu\/pt-br\/\",\"name\":\"Sgolastra srl\",\"description\":\"Sgolastra la soluzione ai cilindri oleodinamici\",\"publisher\":{\"@id\":\"https:\/\/www.sgolastra.eu\/pt-br\/#organization\"},\"potentialAction\":[{\"@type\":\"SearchAction\",\"target\":{\"@type\":\"EntryPoint\",\"urlTemplate\":\"https:\/\/www.sgolastra.eu\/pt-br\/?s={search_term_string}\"},\"query-input\":\"required name=search_term_string\"}],\"inLanguage\":\"pt-BR\"},{\"@type\":\"Organization\",\"@id\":\"https:\/\/www.sgolastra.eu\/pt-br\/#organization\",\"name\":\"Sgolastra - cilindri oleodinamici\",\"url\":\"https:\/\/www.sgolastra.eu\/pt-br\/\",\"logo\":{\"@type\":\"ImageObject\",\"inLanguage\":\"pt-BR\",\"@id\":\"https:\/\/www.sgolastra.eu\/pt-br\/#\/schema\/logo\/image\/\",\"url\":\"https:\/\/www.sgolastra.eu\/wp-content\/uploads\/2018\/03\/favico.png\",\"contentUrl\":\"https:\/\/www.sgolastra.eu\/wp-content\/uploads\/2018\/03\/favico.png\",\"width\":86,\"height\":86,\"caption\":\"Sgolastra - cilindri oleodinamici\"},\"image\":{\"@id\":\"https:\/\/www.sgolastra.eu\/pt-br\/#\/schema\/logo\/image\/\"},\"sameAs\":[\"https:\/\/www.facebook.com\/sgolastra\/\",\"https:\/\/x.com\/sgolastra_eu\",\"https:\/\/www.instagram.com\/sgolastra.eu\/\",\"https:\/\/www.linkedin.com\/company\/sgolastra\/\",\"https:\/\/www.youtube.com\/channel\/UC_ZkAYCj_runCwYb7idSx-w\"]}]}<\/script>\n<!-- \/ Yoast SEO plugin. -->","yoast_head_json":{"title":"Garras P.H.C. - Sgolastra srl","robots":{"index":"index","follow":"follow","max-snippet":"max-snippet:-1","max-image-preview":"max-image-preview:large","max-video-preview":"max-video-preview:-1"},"canonical":"https:\/\/www.sgolastra.eu\/pt-br\/acessorios-de-perfuracao\/garras-p-h-c\/","og_locale":"pt_BR","og_type":"article","og_title":"Garras P.H.C. - Sgolastra srl","og_description":"Garra P.H.C. SOLU\u00c7\u00d5ES PARA PERFURA\u00c7\u00c3O HORIZONTAL CONTROLADA Garra PHC de \u00f8162 a \u00f8254 A TOC ou Perfura\u00e7\u00e3o Horizontal Controlada \u00e9 um processo que permite a inser\u00e7\u00e3o de novas tubagens r\u00edgidas e flex\u00edveis sob obras naturais e humanas, como estradas urbanas, ferrovias ou hidrovias, minimizando o impacto ambiental e as interrup\u00e7\u00f5es durante a fase de trabalho. [&hellip;]","og_url":"https:\/\/www.sgolastra.eu\/pt-br\/acessorios-de-perfuracao\/garras-p-h-c\/","og_site_name":"Sgolastra srl","article_publisher":"https:\/\/www.facebook.com\/sgolastra\/","article_modified_time":"2025-06-24T13:53:02+00:00","og_image":[{"url":"https:\/\/www.sgolastra.eu\/wp-content\/uploads\/2024\/06\/morsa-toc.webp"}],"twitter_card":"summary_large_image","twitter_site":"@sgolastra_eu","twitter_misc":{"Est. tempo de leitura":"2 minutos"},"schema":{"@context":"https:\/\/schema.org","@graph":[{"@type":"WebPage","@id":"https:\/\/www.sgolastra.eu\/pt-br\/acessorios-de-perfuracao\/garras-p-h-c\/","url":"https:\/\/www.sgolastra.eu\/pt-br\/acessorios-de-perfuracao\/garras-p-h-c\/","name":"Garras P.H.C. - Sgolastra srl","isPartOf":{"@id":"https:\/\/www.sgolastra.eu\/pt-br\/#website"},"primaryImageOfPage":{"@id":"https:\/\/www.sgolastra.eu\/pt-br\/acessorios-de-perfuracao\/garras-p-h-c\/#primaryimage"},"image":{"@id":"https:\/\/www.sgolastra.eu\/pt-br\/acessorios-de-perfuracao\/garras-p-h-c\/#primaryimage"},"thumbnailUrl":"https:\/\/www.sgolastra.eu\/wp-content\/uploads\/2024\/06\/morsa-toc.webp","datePublished":"2024-09-24T10:14:35+00:00","dateModified":"2025-06-24T13:53:02+00:00","breadcrumb":{"@id":"https:\/\/www.sgolastra.eu\/pt-br\/acessorios-de-perfuracao\/garras-p-h-c\/#breadcrumb"},"inLanguage":"pt-BR","potentialAction":[{"@type":"ReadAction","target":["https:\/\/www.sgolastra.eu\/pt-br\/acessorios-de-perfuracao\/garras-p-h-c\/"]}]},{"@type":"ImageObject","inLanguage":"pt-BR","@id":"https:\/\/www.sgolastra.eu\/pt-br\/acessorios-de-perfuracao\/garras-p-h-c\/#primaryimage","url":"https:\/\/www.sgolastra.eu\/wp-content\/uploads\/2024\/06\/morsa-toc.webp","contentUrl":"https:\/\/www.sgolastra.eu\/wp-content\/uploads\/2024\/06\/morsa-toc.webp"},{"@type":"BreadcrumbList","@id":"https:\/\/www.sgolastra.eu\/pt-br\/acessorios-de-perfuracao\/garras-p-h-c\/#breadcrumb","itemListElement":[{"@type":"ListItem","position":1,"name":"Home","item":"https:\/\/www.sgolastra.eu\/pt-br\/home\/"},{"@type":"ListItem","position":2,"name":"Acess\u00f3rios de perfura\u00e7\u00e3o","item":"https:\/\/www.sgolastra.eu\/pt-br\/acessorios-de-perfuracao\/"},{"@type":"ListItem","position":3,"name":"Garras P.H.C."}]},{"@type":"WebSite","@id":"https:\/\/www.sgolastra.eu\/pt-br\/#website","url":"https:\/\/www.sgolastra.eu\/pt-br\/","name":"Sgolastra srl","description":"Sgolastra la soluzione ai cilindri oleodinamici","publisher":{"@id":"https:\/\/www.sgolastra.eu\/pt-br\/#organization"},"potentialAction":[{"@type":"SearchAction","target":{"@type":"EntryPoint","urlTemplate":"https:\/\/www.sgolastra.eu\/pt-br\/?s={search_term_string}"},"query-input":"required name=search_term_string"}],"inLanguage":"pt-BR"},{"@type":"Organization","@id":"https:\/\/www.sgolastra.eu\/pt-br\/#organization","name":"Sgolastra - cilindri oleodinamici","url":"https:\/\/www.sgolastra.eu\/pt-br\/","logo":{"@type":"ImageObject","inLanguage":"pt-BR","@id":"https:\/\/www.sgolastra.eu\/pt-br\/#\/schema\/logo\/image\/","url":"https:\/\/www.sgolastra.eu\/wp-content\/uploads\/2018\/03\/favico.png","contentUrl":"https:\/\/www.sgolastra.eu\/wp-content\/uploads\/2018\/03\/favico.png","width":86,"height":86,"caption":"Sgolastra - cilindri oleodinamici"},"image":{"@id":"https:\/\/www.sgolastra.eu\/pt-br\/#\/schema\/logo\/image\/"},"sameAs":["https:\/\/www.facebook.com\/sgolastra\/","https:\/\/x.com\/sgolastra_eu","https:\/\/www.instagram.com\/sgolastra.eu\/","https:\/\/www.linkedin.com\/company\/sgolastra\/","https:\/\/www.youtube.com\/channel\/UC_ZkAYCj_runCwYb7idSx-w"]}]}},"_links":{"self":[{"href":"https:\/\/www.sgolastra.eu\/pt-br\/wp-json\/wp\/v2\/pages\/24429"}],"collection":[{"href":"https:\/\/www.sgolastra.eu\/pt-br\/wp-json\/wp\/v2\/pages"}],"about":[{"href":"https:\/\/www.sgolastra.eu\/pt-br\/wp-json\/wp\/v2\/types\/page"}],"author":[{"embeddable":true,"href":"https:\/\/www.sgolastra.eu\/pt-br\/wp-json\/wp\/v2\/users\/1"}],"replies":[{"embeddable":true,"href":"https:\/\/www.sgolastra.eu\/pt-br\/wp-json\/wp\/v2\/comments?post=24429"}],"version-history":[{"count":7,"href":"https:\/\/www.sgolastra.eu\/pt-br\/wp-json\/wp\/v2\/pages\/24429\/revisions"}],"predecessor-version":[{"id":27515,"href":"https:\/\/www.sgolastra.eu\/pt-br\/wp-json\/wp\/v2\/pages\/24429\/revisions\/27515"}],"up":[{"embeddable":true,"href":"https:\/\/www.sgolastra.eu\/pt-br\/wp-json\/wp\/v2\/pages\/3130"}],"wp:attachment":[{"href":"https:\/\/www.sgolastra.eu\/pt-br\/wp-json\/wp\/v2\/media?parent=24429"}],"curies":[{"name":"wp","href":"https:\/\/api.w.org\/{rel}","templated":true}]}}